{"id":6236,"date":"2023-04-24T15:56:36","date_gmt":"2023-04-24T13:56:36","guid":{"rendered":"https:\/\/affinityclaims.lt\/?page_id=6236"},"modified":"2023-04-24T15:56:37","modified_gmt":"2023-04-24T13:56:37","slug":"slapuku-politika","status":"publish","type":"page","link":"https:\/\/affinityclaims.lt\/lt\/slapuku-politika\/","title":{"rendered":"Slapuk\u0173 politika"},"content":{"rendered":"\t\t<div data-elementor-type=\"wp-page\" data-elementor-id=\"6236\" class=\"elementor elementor-6236 elementor-6231\">\n\t\t\t\t<div class=\"elementor-element elementor-element-3613d40 e-flex e-con-boxed e-con e-parent\" data-id=\"3613d40\" data-element_type=\"container\">\n\t\t\t\t\t<div class=\"e-con-inner\">\n\t\t\t\t<div class=\"elementor-element elementor-element-bb132d5 elementor-widget elementor-widget-text-editor\" data-id=\"bb132d5\" data-element_type=\"widget\" data-widget_type=\"text-editor.default\">\n\t\t\t\t<div class=\"elementor-widget-container\">\n\t\t\t<style>\/*! elementor - v3.22.0 - 26-06-2024 *\/\n.elementor-widget-text-editor.elementor-drop-cap-view-stacked .elementor-drop-cap{background-color:#69727d;color:#fff}.elementor-widget-text-editor.elementor-drop-cap-view-framed .elementor-drop-cap{color:#69727d;border:3px solid;background-color:transparent}.elementor-widget-text-editor:not(.elementor-drop-cap-view-default) .elementor-drop-cap{margin-top:8px}.elementor-widget-text-editor:not(.elementor-drop-cap-view-default) .elementor-drop-cap-letter{width:1em;height:1em}.elementor-widget-text-editor .elementor-drop-cap{float:left;text-align:center;line-height:1;font-size:50px}.elementor-widget-text-editor .elementor-drop-cap-letter{display:inline-block}<\/style>\t\t\t\t<h3>1. \u012evadas<\/h3><p>Affinity Claims, UAB\u201d, \u012fmon\u0117s kodas 303561924 (toliau \u2013 Bendrov\u0117 arba mes), registruota adresu Linkmen\u0173 g. 5-6, LT-09300 Vilnius, Lietuvos Respublika, (toliau \u2013 Bendrov\u0117) yra profesionalus draudimo \u017eal\u0173 administratorius.<br \/><br \/>\u0160ioje Slapuk\u0173 politikoje yra pateikiama informacija apie Bendrov\u0117s naudojamus slapukus bei nurodoma, kaip slapukai gali b\u016bti valdomi Bendrov\u0117s internetin\u0117je svetain\u0117je https:\/\/affinityclaims.lt\/. Naudodamiesi Bendrov\u0117s internetine svetaine, J\u016bs sutinkate su \u0161ios Slapuk\u0173 politikos nuostatomis.<\/p><h3>2. Bendrov\u0117s kontaktai<\/h3><p>Jei d\u0117l \u0161ioje Slapuk\u0173 politikoje pateiktos informacijos Jums i\u0161kilt\u0173 klausim\u0173, komentar\u0173 bei pra\u0161ym\u0173, J\u016bs galite kreiptis \u012f Bendrov\u0119 el. pa\u0161tu info@affinityclaims.lt ar ra\u0161tu Bendrov\u0117s adresu Linkmen\u0173 g. 5-6, LT-09300 Vilnius, Lietuvos Respublika.<br \/>Taip pat galite susisiekti su Bendrov\u0117s duomen\u0173 apsaugos pareig\u016bnu, si\u0173sdami el. lai\u0161k\u0105 adresu info@affinityclaims.lt.<\/p><h3>3. Kas yra slapukai?<\/h3><p>Slapukas (angl. cookie)\u2013 tai ma\u017eas tekstinis failas, kuris yra \u012fra\u0161omas \u012f J\u016bs\u0173 kompiuterio ar mobilaus prietaiso (toliau \u012frenginys) nar\u0161ykl\u0119, kai J\u016bs apsilankote Bendrov\u0117s internetin\u0117je svetain\u0117je.<\/p><h3>4. Kokius slapukus naudoja Bendrov\u0117?<\/h3><p>Kai kurie Bendrov\u0117s naudojami slapukai yra \u012fdiegiami J\u016bs\u0173 \u012frenginio nar\u0161ykl\u0117je tik nar\u0161ymo sesijos metu, t. y. iki tol, kol i\u0161einate i\u0161 Bendrov\u0117s internetin\u0117s svetain\u0117s. Tokie slapukai yra vadinami \u201esesijos slapukais\u201c, nes jie automati\u0161kai nustoja galioti pasibaigus vartotojo sesijai ir u\u017edarius Bendrov\u0117s internetin\u0119 svetain\u0119.<\/p><p>Kita slapuk\u0173 r\u016b\u0161is, t.y. \u201enuolatiniai slapukai\u201c, susideda i\u0161 tekstinio failo, kuris saugomas J\u016bs\u0173 \u012frenginyje tam tikr\u0105 nustatyt\u0105 laik\u0105 iki galiojimo pabaigos arba tol, kol J\u016bs atsisakote slapuko ir j\u012f i\u0161trinate (\u017er. 5 skyrius).<\/p><p>Bendrov\u0117s internetin\u0117 svetain\u0117 gali naudoti penki\u0173 r\u016b\u0161i\u0173 slapukus: privalomuosius slapukus, funkcinius slapukus, analitinius slapukus, reklaminius ir tikslin\u0117s rinkodaros slapukus ar tre\u010di\u0173j\u0173 \u0161ali\u0173 slapukus .<\/p><p>Konkre\u010di\u0173 slapuk\u0173, kurie yra naudojami Bendrov\u0117s internetin\u0117je svetain\u0117je, s\u0105ra\u0161as, parametrai, galiojimo laikas ir kt. pateikiami \u017eemiau:<\/p><p>1) Privalomieji slapukai \u2013 \u0161ie slapukai yra b\u016btini ir yra naudojami techniniais tikslais, pavyzd\u017eiui, kad gal\u0117tum\u0117te nevar\u017eomai nar\u0161yti Bendrov\u0117s internetin\u0117je svetain\u0117je ir naudotis visomis jos funkcijomis. Be privalom\u0173j\u0173 slapuk\u0173 Bendrov\u0117s internetin\u0117 svetain\u0117 gali veikti netinkamai.<\/p><p>2) Funkciniai slapukai \u2013 \u0161ie slapukai leid\u017eia Bendrov\u0117s internetinei svetainei atsiminti J\u016bs\u0173 pasirinkim\u0105, kad i\u0161vengtum\u0117te nustatym\u0173 keitim\u0173 kaskart apsilankius Bendrov\u0117s internetin\u0117je svetain\u0117je. \u0160ie slapukai padeda \u012fsiminti J\u016bs\u0173 pasirinkimus ir nustatymus (pvz., vartotojo vard\u0105, kalb\u0105 ar region\u0105, kuriame esate), kad Bendrov\u0117s internetin\u0117 svetain\u0117 gal\u0117t\u0173 pasi\u016blyti Jums patobulintas ir personalizuotas funkcijas.<\/p><p>3) Analitiniai slapukai \u2013 \u0161ie slapukai analizuoja ir renka informacij\u0105 apie Bendrov\u0117s internetin\u0117s svetain\u0117s naudojim\u0105 ir padeda tobulinti internetin\u0117s svetain\u0117s veikim\u0105. Analitiniai slapukai leid\u017eia Bendrovei geriau suprasti internetin\u0117s svetain\u0117s lankytojus, leid\u017eia tobulinti turinio pateikimo b\u016bd\u0105 bei padeda veiklos vertinimui.<\/p><p>4) Reklaminiai ir tikslin\u0117s rinkodaros slapukai \u2013 \u0161ie slapukai yra naudojami tam, kad Bendrov\u0117 gal\u0117t\u0173 pateikti tiksliau \u012f Jus ir J\u016bs\u0173 interesus orientuot\u0105 reklam\u0105 bei pagerinti internetin\u0117s svetain\u0117s reklam\u0173 ir komunikacijos efektyvum\u0105.<\/p><p>5) Tre\u010di\u0173j\u0173 \u0161ali\u0173 slapukai \u2013 \u0161ie slapukai yra nustatomi Bendrov\u0117s internetin\u0117je svetain\u0117je kit\u0173 negu Bendrov\u0117 organizacij\u0173.<\/p><p>a) Tai gali b\u016bti naudojama \u201eGoogle Analytics\u201c teikiama \u017einiatinklio analiz\u0117s paslauga, kuri padeda Bendrovei i\u0161analizuoti, kaip naudojamasi Bendrov\u0117s interneto svetaine. \u0160iuo tikslu \u201eGoogle Analytics\u201c naudoja slapukus;<\/p><p>b) Tai gali b\u016bti \u201eGoogle\u201c reklamavimo tikslais naudojami slapukai (daugiau informacijos rasite \u201cGoogle\u201d Slapuk\u0173 politikoje: https:\/\/policies.google.com\/technologies\/types?hl=lt).<\/p><p>Bendrov\u0117 nekontroliuoja, kaip slapukus talpina tre\u010di\u0173j\u0173 \u0161ali\u0173 internetin\u0117s svetain\u0117s, net jeigu esate nukreipiami \u012f jas i\u0161 Bendrov\u0117s internetin\u0117s svetain\u0117s.<\/p><h3>Kaip valdyti bei i\u0161trinti slapukus?<\/h3><p>Yra daug b\u016bd\u0173, kaip J\u016bs galite valdyti slapukus. Galite duoti savo sutikim\u0105 slapuk\u0173 naudojimui bei \u012fdiegimui J\u016bs\u0173 \u012frenginyje arba, jei norite, galite i\u0161trinti slapukus i\u0161 savo \u012frenginio. Jei i\u0161trinsite slapukus, visi \u0161i\u0173 slapuk\u0173 kontroliuojami nustatymai bus i\u0161trinti ir juos reik\u0117s sukurti i\u0161 naujo, kai v\u0117liau lankysit\u0117s Bendrov\u0117s internetin\u0117je svetain\u0117je. Valdyti slapukus galite \u017eemiau nurodytais b\u016bdais<\/p><p>1) Slapuk\u0173 nustatymai<\/p><p>Nor\u0117dami i\u0161samiau kontroliuoti Bendrov\u0117s naudojamus slapukus, J\u016bs galite patikrinti slapuk\u0173 nustatymus, \u012f kuriuos galite patekti i\u0161 Bendrov\u0117s internetin\u0117s svetain\u0117s.<br \/>Slapuk\u0173 nustatymuose galite kontroliuoti visus Bendrov\u0117s internetin\u0117je svetain\u0117je talpinamus slapukus, ta\u010diau be privalom\u0173j\u0173 slapuk\u0173 Bendrov\u0117s internetin\u0117 svetain\u0117 gali neveikti tinkamai.<\/p><p>2) J\u016bs\u0173 nar\u0161ykl\u0117s nustatymai<\/p><p>Valdyti ir i\u0161trinti slapukus galite naudodamiesi savo nar\u0161ykl\u0117s nustatymais. Kad geriau suprastum\u0117te, kaip galite valdyti naudojamus slapukus nar\u0161ykl\u0117s nustatymuose, \u017eemiau yra pateikiamos pagalbin\u0117s aktyvios nuorodos:<\/p><ul><li><strong>Google Chrome:<\/strong>\u00a0<a href=\"https:\/\/support.google.com\/chrome\/answer\/95647?co=GENIE.Platform%3DDesktop&amp;hl=lt\">https:\/\/support.google.com\/chrome\/answer\/95647?co=GENIE.Platform%3DDesktop&amp;hl=lt<\/a>;<\/li><li><strong>Internet Explorer:<\/strong>\u00a0<a href=\"https:\/\/support.microsoft.com\/lt-lt\/help\/17442\/windows-internet-explorer-delete-manage-cookies\">https:\/\/support.microsoft.com\/lt-lt\/help\/17442\/windows-internet-explorer-delete-manage-cookies<\/a>;<\/li><li><strong>Mozilla Firefox:<\/strong>\u00a0<a href=\"https:\/\/support.mozilla.org\/lt\/kb\/Slapuk%C5%B3%20%C5%A1alinimas\">https:\/\/support.mozilla.org\/lt\/kb\/Slapuk%C5%B3%20%C5%A1alinimas<\/a>.<\/li><\/ul><h3>Slapuk\u0173 politikos pakeitimai ir atnaujinimai<\/h3><p>Bendrov\u0117 pasilieka teis\u0119 keisti ar atnaujinti \u0161i\u0105 Slapuk\u0173 politik\u0105. Visa informacija apie Bendrov\u0117je naudojamus slapukus, j\u0173 paskirt\u012f bei naudojamus duomenis po atnaujinimo bus pateikiama Bendrov\u0117s internetin\u0117je svetain\u0117je.<\/p>\t\t\t\t\t\t<\/div>\n\t\t\t\t<\/div>\n\t\t\t\t<div class=\"elementor-element elementor-element-777c3b9 elementor-widget elementor-widget-prelements-service-grid\" data-id=\"777c3b9\" data-element_type=\"widget\" data-widget_type=\"prelements-service-grid.default\">\n\t\t\t\t<div class=\"elementor-widget-container\">\n\t\t\t\t\t\r\n\t\t<div class=\"prelements-addon-services services-style1\">\r\n\t\t    <div class=\"services-part\">\r\n\t\t    \t\t\t    \t\t<div class=\"services-icon  \">\r\n\r\n\t\t\t    \t\t\r\n\r\n\t\t\t    \t\t\t\t\t    \t\t\t<span class=\"pre-icon\">\r\n\t\t\t\t    \t\t\t<svg aria-hidden=\"true\" class=\"e-font-icon-svg e-far-lightbulb\" viewBox=\"0 0 352 512\" xmlns=\"http:\/\/www.w3.org\/2000\/svg\"><path d=\"M176 80c-52.94 0-96 43.06-96 96 0 8.84 7.16 16 16 16s16-7.16 16-16c0-35.3 28.72-64 64-64 8.84 0 16-7.16 16-16s-7.16-16-16-16zM96.06 459.17c0 3.15.93 6.22 2.68 8.84l24.51 36.84c2.97 4.46 7.97 7.14 13.32 7.14h78.85c5.36 0 10.36-2.68 13.32-7.14l24.51-36.84c1.74-2.62 2.67-5.7 2.68-8.84l.05-43.18H96.02l.04 43.18zM176 0C73.72 0 0 82.97 0 176c0 44.37 16.45 84.85 43.56 115.78 16.64 18.99 42.74 58.8 52.42 92.16v.06h48v-.12c-.01-4.77-.72-9.51-2.15-14.07-5.59-17.81-22.82-64.77-62.17-109.67-20.54-23.43-31.52-53.15-31.61-84.14-.2-73.64 59.67-128 127.95-128 70.58 0 128 57.42 128 128 0 30.97-11.24 60.85-31.65 84.14-39.11 44.61-56.42 91.47-62.1 109.46a47.507 47.507 0 0 0-2.22 14.3v.1h48v-.05c9.68-33.37 35.78-73.18 52.42-92.16C335.55 260.85 352 220.37 352 176 352 78.8 273.2 0 176 0z\"><\/path><\/svg>\t\t\t\t    \t\t<\/span>\r\n\t\t\t    \t\t\r\n\t\t\t    \t\t\t\t\t    \t\t\r\n\r\n\t\t\t    \t\t\r\n\t\t\t    \t\t\t\t    \t\t<\/div>\r\n\t\t    \t\t\t    \t\t       \r\n\t\t\t    <div class=\"services-text\">\r\n\t\t\t    \t\t\t\t\t    \t<div class=\"services-title\">\r\n\t\t\t\t    \t\t\r\n\t\t\t\t    \t\t\t\t\t    \t\t\t\t\t\t\t    \t\t\t\r\n\t\t\t\t    \t\t<h4  class=\"title\"> <a href=\"#\" >EXPERIENCE<\/a><\/h4>\r\n\r\n\t\t\t\t    \t\t\t\t\t\t    \t\t\r\n\t\t\t\t    \t<\/div>\r\n\t\t\t    \t\t\t\t    \t\r\n\t\t\t    \t\t\t\t    \t\t<p class=\"services-txt\">  \u2022 Affinity Claims provides insurance claims administration services since 2015<br><br>\n\u2022 Handling claims for and on behalf of local (Lithuanian) insurers as well as international insurers (Lloyd\u2018s and other)<br><br><br><br>\n<\/p>\t\r\n\t\t\t    \t\t\r\n\r\n\r\n\t\t\t\t    \r\n\t\t\t    \t\t\t    \t    \t\t    \t    \t\r\n\t\t\t    <\/div>\r\n\r\n\t\t\t    \r\n\t\t\t<\/div>\r\n\t\t<\/div>\t\r\n\t\t\r\n\t\t\t<\/div>\n\t\t\t\t<\/div>\n\t\t\t\t\t<\/div>\n\t\t\t\t<\/div>\n\t\t\t\t<\/div>\n\t\t","protected":false},"excerpt":{"rendered":"<p>1. \u012evadas Affinity Claims, UAB\u201d, \u012fmon\u0117s kodas 303561924 (toliau \u2013 Bendrov\u0117 arba mes), registruota adresu Linkmen\u0173 g. 5-6, LT-09300 Vilnius, Lietuvos Respublika, (toliau \u2013 Bendrov\u0117) yra profesionalus draudimo \u017eal\u0173 administratorius. \u0160ioje Slapuk\u0173 politikoje yra pateikiama informacija apie Bendrov\u0117s naudojamus slapukus bei nurodoma, kaip slapukai gali b\u016bti valdomi Bendrov\u0117s internetin\u0117je svetain\u0117je https:\/\/affinityclaims.lt\/. Naudodamiesi Bendrov\u0117s internetine svetaine,&#8230;<\/p>\n","protected":false},"author":1,"featured_media":0,"parent":0,"menu_order":0,"comment_status":"closed","ping_status":"closed","template":"","meta":{"footnotes":""},"aioseo_notices":[],"_links":{"self":[{"href":"https:\/\/affinityclaims.lt\/lt\/wp-json\/wp\/v2\/pages\/6236"}],"collection":[{"href":"https:\/\/affinityclaims.lt\/lt\/wp-json\/wp\/v2\/pages"}],"about":[{"href":"https:\/\/affinityclaims.lt\/lt\/wp-json\/wp\/v2\/types\/page"}],"author":[{"embeddable":true,"href":"https:\/\/affinityclaims.lt\/lt\/wp-json\/wp\/v2\/users\/1"}],"replies":[{"embeddable":true,"href":"https:\/\/affinityclaims.lt\/lt\/wp-json\/wp\/v2\/comments?post=6236"}],"version-history":[{"count":1,"href":"https:\/\/affinityclaims.lt\/lt\/wp-json\/wp\/v2\/pages\/6236\/revisions"}],"predecessor-version":[{"id":6237,"href":"https:\/\/affinityclaims.lt\/lt\/wp-json\/wp\/v2\/pages\/6236\/revisions\/6237"}],"wp:attachment":[{"href":"https:\/\/affinityclaims.lt\/lt\/wp-json\/wp\/v2\/media?parent=6236"}],"curies":[{"name":"wp","href":"https:\/\/api.w.org\/{rel}","templated":true}]}}